{"id":530,"date":"2023-10-19T17:44:15","date_gmt":"2023-10-19T15:44:15","guid":{"rendered":"https:\/\/asociacionconexiones.org\/?page_id=530"},"modified":"2023-10-19T18:00:21","modified_gmt":"2023-10-19T16:00:21","slug":"educativos","status":"publish","type":"page","link":"https:\/\/asociacionconexiones.org\/?page_id=530","title":{"rendered":"Educativos"},"content":{"rendered":"<p>En nuestro centro contamos con grupos de habilidades sociales, pero, \u00bfqu\u00e9 no sabes lo que son? Te lo contamos.<\/p>\n<p>Desde hace algunos a\u00f1os venimos desarrollando en nuestro centro grupos-talleres donde ponemos en funcionamiento el desarrollo y entrenamiento de las habilidades sociales. Sus protagonistas son preadolescentes y adolescentes que acuden una vez en semana, vi\u00e9ndose envueltos y envueltas en diferentes din\u00e1micas, acciones y propuestas que les ayudan y favorecen en lo social, lo comunicativo, lo afectivo y emocional, pero tambi\u00e9n en el desarrollo de competencias sociales y ciudadanas, as\u00ed como de las inteligencias intrapersonal e interpersonal. En este sentido, ofrecemos un espacio distendido y relajado para adquirir h\u00e1bitos, competencias, estrategias, etc. para establecer y mantener relaciones sociales m\u00e1s ajustadas y satisfactorias, desde el respeto, la flexibilidad y la tolerancia.<\/p>\n<p>En estos talleres, nuestros chicos y chicas aprenden a detectar sus fortalezas; comprender situaciones sociales cotidianas y c\u00f3mo desenvolverse; mejorar su autonom\u00eda social y personal; modificar conductas; iniciar conversaciones y hacer de su lenguaje una comunicaci\u00f3n asertiva, as\u00ed como desarrollar una escucha activa y emp\u00e1tica; entrenar sus funciones ejecutivas, necesarias para sus procesos de ense\u00f1anza-aprendizaje, adem\u00e1s de utilizarlas para su d\u00eda a d\u00eda, como es la planificaci\u00f3n, organizaci\u00f3n, gesti\u00f3n de tiempos, resoluci\u00f3n de problemas y conflictos, inhibici\u00f3n de impulsos, toma de decisiones, etc.<\/p>\n","protected":false},"excerpt":{"rendered":"<p>En nuestro centro contamos con grupos de habilidades sociales, pero, \u00bfqu\u00e9 no sabes lo que son? Te lo contamos. Desde hace algunos a\u00f1os venimos desarrollando en nuestro centro grupos-talleres donde ponemos en funcionamiento el desarrollo y entrenamiento de las habilidades sociales. Sus protagonistas son preadolescentes y adolescentes que acuden una vez en semana, vi\u00e9ndose envueltos [&hellip;]<\/p>\n","protected":false},"author":1,"featured_media":0,"parent":0,"menu_order":0,"comment_status":"closed","ping_status":"closed","template":"","meta":{"_et_pb_use_builder":"","_et_pb_old_content":"","_et_gb_content_width":"","footnotes":""},"yoast_head":"<!-- This site is optimized with the Yoast SEO plugin v21.3 - https:\/\/yoast.com\/wordpress\/plugins\/seo\/ -->\n<title>Educativos - Asociaci\u00f3n Conexiones<\/title>\n<meta name=\"robots\" content=\"index, follow, max-snippet:-1, max-image-preview:large, max-video-preview:-1\" \/>\n<link rel=\"canonical\" href=\"https:\/\/asociacionconexiones.org\/?page_id=530\" \/>\n<meta property=\"og:locale\" content=\"es_ES\" \/>\n<meta property=\"og:type\" content=\"article\" \/>\n<meta property=\"og:title\" content=\"Educativos - Asociaci\u00f3n Conexiones\" \/>\n<meta property=\"og:description\" content=\"En nuestro centro contamos con grupos de habilidades sociales, pero, \u00bfqu\u00e9 no sabes lo que son? Te lo contamos. Desde hace algunos a\u00f1os venimos desarrollando en nuestro centro grupos-talleres donde ponemos en funcionamiento el desarrollo y entrenamiento de las habilidades sociales. Sus protagonistas son preadolescentes y adolescentes que acuden una vez en semana, vi\u00e9ndose envueltos [&hellip;]\" \/>\n<meta property=\"og:url\" content=\"https:\/\/asociacionconexiones.org\/?page_id=530\" \/>\n<meta property=\"og:site_name\" content=\"Asociaci\u00f3n Conexiones\" \/>\n<meta property=\"article:modified_time\" content=\"2023-10-19T16:00:21+00:00\" \/>\n<meta name=\"twitter:card\" content=\"summary_large_image\" \/>\n<meta name=\"twitter:label1\" content=\"Tiempo de lectura\" \/>\n\t<meta name=\"twitter:data1\" content=\"1 minuto\" \/>\n<script type=\"application\/ld+json\" class=\"yoast-schema-graph\">{\"@context\":\"https:\/\/schema.org\",\"@graph\":[{\"@type\":\"WebPage\",\"@id\":\"https:\/\/asociacionconexiones.org\/?page_id=530\",\"url\":\"https:\/\/asociacionconexiones.org\/?page_id=530\",\"name\":\"Educativos - Asociaci\u00f3n Conexiones\",\"isPartOf\":{\"@id\":\"https:\/\/asociacionconexiones.org\/#website\"},\"datePublished\":\"2023-10-19T15:44:15+00:00\",\"dateModified\":\"2023-10-19T16:00:21+00:00\",\"breadcrumb\":{\"@id\":\"https:\/\/asociacionconexiones.org\/?page_id=530#breadcrumb\"},\"inLanguage\":\"es\",\"potentialAction\":[{\"@type\":\"ReadAction\",\"target\":[\"https:\/\/asociacionconexiones.org\/?page_id=530\"]}]},{\"@type\":\"BreadcrumbList\",\"@id\":\"https:\/\/asociacionconexiones.org\/?page_id=530#breadcrumb\",\"itemListElement\":[{\"@type\":\"ListItem\",\"position\":1,\"name\":\"Portada\",\"item\":\"https:\/\/asociacionconexiones.org\/\"},{\"@type\":\"ListItem\",\"position\":2,\"name\":\"Educativos\"}]},{\"@type\":\"WebSite\",\"@id\":\"https:\/\/asociacionconexiones.org\/#website\",\"url\":\"https:\/\/asociacionconexiones.org\/\",\"name\":\"Asociaci\u00f3n Conexiones\",\"description\":\"\",\"potentialAction\":[{\"@type\":\"SearchAction\",\"target\":{\"@type\":\"EntryPoint\",\"urlTemplate\":\"https:\/\/asociacionconexiones.org\/?s={search_term_string}\"},\"query-input\":\"required name=search_term_string\"}],\"inLanguage\":\"es\"}]}<\/script>\n<!-- \/ Yoast SEO plugin. -->","yoast_head_json":{"title":"Educativos - Asociaci\u00f3n Conexiones","robots":{"index":"index","follow":"follow","max-snippet":"max-snippet:-1","max-image-preview":"max-image-preview:large","max-video-preview":"max-video-preview:-1"},"canonical":"https:\/\/asociacionconexiones.org\/?page_id=530","og_locale":"es_ES","og_type":"article","og_title":"Educativos - Asociaci\u00f3n Conexiones","og_description":"En nuestro centro contamos con grupos de habilidades sociales, pero, \u00bfqu\u00e9 no sabes lo que son? Te lo contamos. Desde hace algunos a\u00f1os venimos desarrollando en nuestro centro grupos-talleres donde ponemos en funcionamiento el desarrollo y entrenamiento de las habilidades sociales. Sus protagonistas son preadolescentes y adolescentes que acuden una vez en semana, vi\u00e9ndose envueltos [&hellip;]","og_url":"https:\/\/asociacionconexiones.org\/?page_id=530","og_site_name":"Asociaci\u00f3n Conexiones","article_modified_time":"2023-10-19T16:00:21+00:00","twitter_card":"summary_large_image","twitter_misc":{"Tiempo de lectura":"1 minuto"},"schema":{"@context":"https:\/\/schema.org","@graph":[{"@type":"WebPage","@id":"https:\/\/asociacionconexiones.org\/?page_id=530","url":"https:\/\/asociacionconexiones.org\/?page_id=530","name":"Educativos - Asociaci\u00f3n Conexiones","isPartOf":{"@id":"https:\/\/asociacionconexiones.org\/#website"},"datePublished":"2023-10-19T15:44:15+00:00","dateModified":"2023-10-19T16:00:21+00:00","breadcrumb":{"@id":"https:\/\/asociacionconexiones.org\/?page_id=530#breadcrumb"},"inLanguage":"es","potentialAction":[{"@type":"ReadAction","target":["https:\/\/asociacionconexiones.org\/?page_id=530"]}]},{"@type":"BreadcrumbList","@id":"https:\/\/asociacionconexiones.org\/?page_id=530#breadcrumb","itemListElement":[{"@type":"ListItem","position":1,"name":"Portada","item":"https:\/\/asociacionconexiones.org\/"},{"@type":"ListItem","position":2,"name":"Educativos"}]},{"@type":"WebSite","@id":"https:\/\/asociacionconexiones.org\/#website","url":"https:\/\/asociacionconexiones.org\/","name":"Asociaci\u00f3n Conexiones","description":"","potentialAction":[{"@type":"SearchAction","target":{"@type":"EntryPoint","urlTemplate":"https:\/\/asociacionconexiones.org\/?s={search_term_string}"},"query-input":"required name=search_term_string"}],"inLanguage":"es"}]}},"_links":{"self":[{"href":"https:\/\/asociacionconexiones.org\/index.php?rest_route=\/wp\/v2\/pages\/530"}],"collection":[{"href":"https:\/\/asociacionconexiones.org\/index.php?rest_route=\/wp\/v2\/pages"}],"about":[{"href":"https:\/\/asociacionconexiones.org\/index.php?rest_route=\/wp\/v2\/types\/page"}],"author":[{"embeddable":true,"href":"https:\/\/asociacionconexiones.org\/index.php?rest_route=\/wp\/v2\/users\/1"}],"replies":[{"embeddable":true,"href":"https:\/\/asociacionconexiones.org\/index.php?rest_route=%2Fwp%2Fv2%2Fcomments&post=530"}],"version-history":[{"count":4,"href":"https:\/\/asociacionconexiones.org\/index.php?rest_route=\/wp\/v2\/pages\/530\/revisions"}],"predecessor-version":[{"id":568,"href":"https:\/\/asociacionconexiones.org\/index.php?rest_route=\/wp\/v2\/pages\/530\/revisions\/568"}],"wp:attachment":[{"href":"https:\/\/asociacionconexiones.org\/index.php?rest_route=%2Fwp%2Fv2%2Fmedia&parent=530"}],"curies":[{"name":"wp","href":"https:\/\/api.w.org\/{rel}","templated":true}]}}